{"id":2,"date":"2021-12-09T20:32:06","date_gmt":"2021-12-09T20:32:06","guid":{"rendered":"https:\/\/valladolidexporta.emprendefpzorrilla.es\/?page_id=2"},"modified":"2022-02-22T00:14:41","modified_gmt":"2022-02-22T00:14:41","slug":"a-cerca-de-nosotros","status":"publish","type":"page","link":"https:\/\/valladolidexporta.emprendefpzorrilla.es\/index.php\/a-cerca-de-nosotros\/","title":{"rendered":"A cerca de nosotros"},"content":{"rendered":"<div class=\"vce-row-container\" data-vce-boxed-width=\"true\"><div class=\"vce-row vce-row--col-gap-30 vce-row-equal-height vce-row-content--top\" id=\"el-4e024b48\" data-vce-do-apply=\"all el-4e024b48\"><div class=\"vce-row-content\" data-vce-element-content=\"true\"><div class=\"vce-col vce-col--md-auto vce-col--xs-1 vce-col--xs-last vce-col--xs-first vce-col--sm-last vce-col--sm-first vce-col--md-last vce-col--lg-last vce-col--xl-last vce-col--md-first vce-col--lg-first vce-col--xl-first\" id=\"el-74ddae34\"><div class=\"vce-col-inner\" data-vce-do-apply=\"border margin background  el-74ddae34\"><div class=\"vce-col-content\" data-vce-element-content=\"true\" data-vce-do-apply=\"padding el-74ddae34\"><div class=\"vce-text-block\"><div class=\"vce-text-block-wrapper vce\" id=\"el-670df668\" data-vce-do-apply=\"all el-670df668\"><p><span style=\"font-size: 24pt;\">\u00bfBuscas empresas a las que exportar?<\/span><\/p><p>&nbsp;<\/p><p>Esta p\u00e1gina esta dise\u00f1ada para promocionar distintas empresas exportadoras de Valladolid y en ella podr\u00e1s encontrar las que te interesen organizadas por su sector.<\/p><p>Queremos ser una referencia para la b\u00fasqueda de noticias y eventos relacionados con la internacionalizaci\u00f3n de nuestras empresas.<\/p><p>Tambi\u00e9n mostraremos al mundo lo que hay en nuestra regi\u00f3n para favorecer lo m\u00e1ximo la visibilidad de nuestros productos.<\/p><\/div><\/div><\/div><\/div><\/div><\/div><\/div><\/div><div class=\"vce-row-container\" data-vce-boxed-width=\"true\"><div class=\"vce-row vce-row--col-gap-30 vce-row-equal-height vce-row-content--top\" id=\"el-38777663\" data-vce-do-apply=\"all el-38777663\"><div class=\"vce-row-content\" data-vce-element-content=\"true\"><div class=\"vce-col vce-col--md-auto vce-col--xs-1 vce-col--xs-last vce-col--xs-first vce-col--sm-last vce-col--sm-first vce-col--md-last vce-col--lg-last vce-col--xl-last vce-col--md-first vce-col--lg-first vce-col--xl-first\" id=\"el-5659b53a\"><div class=\"vce-col-inner\" data-vce-do-apply=\"border margin background  el-5659b53a\"><div class=\"vce-col-content\" data-vce-element-content=\"true\" data-vce-do-apply=\"padding el-5659b53a\"><div class=\"vce-single-image-container vce-single-image--align-left\"><div class=\"vce vce-single-image-wrapper\" id=\"el-e5247743\" data-vce-do-apply=\"all el-e5247743\"><figure><div class=\"vce-single-image-inner vce-single-image--absolute\" style=\"padding-bottom: 66.66666666666666%; width: 960px;\"><img loading=\"lazy\" decoding=\"async\" class=\"vce-single-image vcv-lozad\" data-src=\"https:\/\/valladolidexporta.emprendefpzorrilla.es\/wp-content\/uploads\/2022\/02\/single-image-960x640.jpg\" width=\"960\" height=\"640\" srcset=\"https:\/\/valladolidexporta.emprendefpzorrilla.es\/wp-content\/uploads\/2022\/02\/single-image-320x213.jpg 320w,https:\/\/valladolidexporta.emprendefpzorrilla.es\/wp-content\/uploads\/2022\/02\/single-image-480x320.jpg 480w,https:\/\/valladolidexporta.emprendefpzorrilla.es\/wp-content\/uploads\/2022\/02\/single-image-800x533.jpg 800w,https:\/\/valladolidexporta.emprendefpzorrilla.es\/wp-content\/uploads\/2022\/02\/single-image-960x640.jpg 960w\" src=\"\" data-img-src=\"https:\/\/valladolidexporta.emprendefpzorrilla.es\/wp-content\/plugins\/visualcomposer\/elements\/singleImage\/singleImage\/public\/single-image.jpg\"  alt=\"\" title=\"\" \/><noscript>\r\n        &lt;img class=\"vce-single-image\" src=\"https:\/\/valladolidexporta.emprendefpzorrilla.es\/wp-content\/plugins\/visualcomposer\/elements\/singleImage\/singleImage\/public\/single-image.jpg\" width=\"960\" height=\"640\" alt=\"\" title=\"\" \/&gt;\r\n      <\/noscript><\/div><figcaption hidden=\"\"><\/figcaption><\/figure><\/div><\/div><\/div><\/div><\/div><\/div><\/div><\/div><div class=\"vce-row-container\" data-vce-boxed-width=\"true\"><div class=\"vce-row vce-row--col-gap-30 vce-row-equal-height vce-row-content--top\" id=\"el-d1398465\" data-vce-do-apply=\"all el-d1398465\"><div class=\"vce-row-content\" data-vce-element-content=\"true\"><\/div><\/div><\/div><div class=\"vce-row-container\" data-vce-boxed-width=\"true\"><div class=\"vce-row vce-row--col-gap-30 vce-row-equal-height vce-row-content--top\" id=\"el-b3d26d93\" data-vce-do-apply=\"all el-b3d26d93\"><div class=\"vce-row-content\" data-vce-element-content=\"true\"><div class=\"vce-col vce-col--md-auto vce-col--xs-1 vce-col--xs-last vce-col--xs-first vce-col--sm-last vce-col--sm-first vce-col--md-last vce-col--lg-last vce-col--xl-last vce-col--md-first vce-col--lg-first vce-col--xl-first\" id=\"el-f74f6164\"><div class=\"vce-col-inner\" data-vce-do-apply=\"border margin background  el-f74f6164\"><div class=\"vce-col-content\" data-vce-element-content=\"true\" data-vce-do-apply=\"padding el-f74f6164\"><\/div><\/div><\/div><\/div><\/div><\/div><div class=\"vce-row-container\" data-vce-boxed-width=\"true\"><div class=\"vce-row vce-row--col-gap-30 vce-row-equal-height vce-row-content--top\" id=\"el-1531aacd\" data-vce-do-apply=\"all el-1531aacd\"><div class=\"vce-row-content\" data-vce-element-content=\"true\"><div class=\"vce-col vce-col--md-auto vce-col--xs-1 vce-col--xs-last vce-col--xs-first vce-col--sm-last vce-col--sm-first vce-col--md-last vce-col--lg-last vce-col--xl-last vce-col--md-first vce-col--lg-first vce-col--xl-first\" id=\"el-a7803e0e\"><div class=\"vce-col-inner\" data-vce-do-apply=\"border margin background  el-a7803e0e\"><div class=\"vce-col-content\" data-vce-element-content=\"true\" data-vce-do-apply=\"padding el-a7803e0e\"><\/div><\/div><\/div><\/div><\/div><\/div><div class=\"vce-row-container\" data-vce-boxed-width=\"true\"><div class=\"vce-row vce-row--col-gap-30 vce-row-equal-height vce-row-content--top\" id=\"el-a7ad5290\" data-vce-do-apply=\"all el-a7ad5290\"><div class=\"vce-row-content\" data-vce-element-content=\"true\"><div class=\"vce-col vce-col--md-auto vce-col--xs-1 vce-col--xs-last vce-col--xs-first vce-col--sm-last vce-col--sm-first vce-col--md-last vce-col--lg-last vce-col--xl-last vce-col--md-first vce-col--lg-first vce-col--xl-first\" id=\"el-7ee85a2f\"><div class=\"vce-col-inner\" data-vce-do-apply=\"border margin background  el-7ee85a2f\"><div class=\"vce-col-content\" data-vce-element-content=\"true\" data-vce-do-apply=\"padding el-7ee85a2f\"><\/div><\/div><\/div><\/div><\/div><\/div>\n","protected":false},"excerpt":{"rendered":"<p>\u00bfBuscas empresas a las que exportar?&nbsp;Esta p\u00e1gina esta dise\u00f1ada para promocionar distintas empresas exportadoras de Valladolid y en ella podr\u00e1s encontrar las que te interesen organizadas por su sector.Queremos ser una referencia para la b\u00fasqueda de noticias y eventos relacionados con la internacionalizaci\u00f3n de nuestras empresas.Tambi\u00e9n mostraremos al mundo lo que hay en nuestra regi\u00f3n [&hellip;]<\/p>\n","protected":false},"author":1,"featured_media":0,"parent":0,"menu_order":0,"comment_status":"closed","ping_status":"open","template":"","meta":{"footnotes":""},"class_list":["post-2","page","type-page","status-publish","hentry"],"yoast_head":"<!-- This site is optimized with the Yoast SEO plugin v18.1 - https:\/\/yoast.com\/wordpress\/plugins\/seo\/ -->\n<title>A cerca de nosotros - Valladolid Exporta<\/title>\n<meta name=\"description\" content=\"A cerca de nosotros hace referencia a quienes somos y lo que queremos conseguir con esta web. Dar visibilidad a nuestras empresas exportadoras\" \/>\n<meta name=\"robots\" content=\"index, follow, max-snippet:-1, max-image-preview:large, max-video-preview:-1\" \/>\n<link rel=\"canonical\" href=\"https:\/\/valladolidexporta.emprendefpzorrilla.es\/index.php\/a-cerca-de-nosotros\/\" \/>\n<meta property=\"og:locale\" content=\"es_ES\" \/>\n<meta property=\"og:type\" content=\"article\" \/>\n<meta property=\"og:title\" content=\"A cerca de nosotros - Valladolid Exporta\" \/>\n<meta property=\"og:description\" content=\"A cerca de nosotros hace referencia a quienes somos y lo que queremos conseguir con esta web. Dar visibilidad a nuestras empresas exportadoras\" \/>\n<meta property=\"og:url\" content=\"https:\/\/valladolidexporta.emprendefpzorrilla.es\/index.php\/a-cerca-de-nosotros\/\" \/>\n<meta property=\"og:site_name\" content=\"Valladolid Exporta\" \/>\n<meta property=\"article:modified_time\" content=\"2022-02-22T00:14:41+00:00\" \/>\n<meta property=\"og:image\" content=\"http:\/\/|!|vcvUploadUrl|!|\/2022\/02\/single-image-960x640.jpg\" \/>\n<meta name=\"twitter:card\" content=\"summary_large_image\" \/>\n<script type=\"application\/ld+json\" class=\"yoast-schema-graph\">{\"@context\":\"https:\/\/schema.org\",\"@graph\":[{\"@type\":\"WebSite\",\"@id\":\"https:\/\/valladolidexporta.emprendefpzorrilla.es\/#website\",\"url\":\"https:\/\/valladolidexporta.emprendefpzorrilla.es\/\",\"name\":\"Valladolid Exporta\",\"description\":\"Portal para la exportaci\u00f3n\",\"potentialAction\":[{\"@type\":\"SearchAction\",\"target\":{\"@type\":\"EntryPoint\",\"urlTemplate\":\"https:\/\/valladolidexporta.emprendefpzorrilla.es\/?s={search_term_string}\"},\"query-input\":\"required name=search_term_string\"}],\"inLanguage\":\"es\"},{\"@type\":\"ImageObject\",\"@id\":\"https:\/\/valladolidexporta.emprendefpzorrilla.es\/index.php\/a-cerca-de-nosotros\/#primaryimage\",\"inLanguage\":\"es\",\"url\":\"|!|vcvUploadUrl|!|\/2022\/02\/single-image-960x640.jpg\",\"contentUrl\":\"|!|vcvUploadUrl|!|\/2022\/02\/single-image-960x640.jpg\"},{\"@type\":\"WebPage\",\"@id\":\"https:\/\/valladolidexporta.emprendefpzorrilla.es\/index.php\/a-cerca-de-nosotros\/#webpage\",\"url\":\"https:\/\/valladolidexporta.emprendefpzorrilla.es\/index.php\/a-cerca-de-nosotros\/\",\"name\":\"A cerca de nosotros - Valladolid Exporta\",\"isPartOf\":{\"@id\":\"https:\/\/valladolidexporta.emprendefpzorrilla.es\/#website\"},\"primaryImageOfPage\":{\"@id\":\"https:\/\/valladolidexporta.emprendefpzorrilla.es\/index.php\/a-cerca-de-nosotros\/#primaryimage\"},\"datePublished\":\"2021-12-09T20:32:06+00:00\",\"dateModified\":\"2022-02-22T00:14:41+00:00\",\"description\":\"A cerca de nosotros hace referencia a quienes somos y lo que queremos conseguir con esta web. Dar visibilidad a nuestras empresas exportadoras\",\"breadcrumb\":{\"@id\":\"https:\/\/valladolidexporta.emprendefpzorrilla.es\/index.php\/a-cerca-de-nosotros\/#breadcrumb\"},\"inLanguage\":\"es\",\"potentialAction\":[{\"@type\":\"ReadAction\",\"target\":[\"https:\/\/valladolidexporta.emprendefpzorrilla.es\/index.php\/a-cerca-de-nosotros\/\"]}]},{\"@type\":\"BreadcrumbList\",\"@id\":\"https:\/\/valladolidexporta.emprendefpzorrilla.es\/index.php\/a-cerca-de-nosotros\/#breadcrumb\",\"itemListElement\":[{\"@type\":\"ListItem\",\"position\":1,\"name\":\"Portada\",\"item\":\"https:\/\/valladolidexporta.emprendefpzorrilla.es\/\"},{\"@type\":\"ListItem\",\"position\":2,\"name\":\"A cerca de nosotros\"}]}]}<\/script>\n<!-- \/ Yoast SEO plugin. -->","yoast_head_json":{"title":"A cerca de nosotros - Valladolid Exporta","description":"A cerca de nosotros hace referencia a quienes somos y lo que queremos conseguir con esta web. Dar visibilidad a nuestras empresas exportadoras","robots":{"index":"index","follow":"follow","max-snippet":"max-snippet:-1","max-image-preview":"max-image-preview:large","max-video-preview":"max-video-preview:-1"},"canonical":"https:\/\/valladolidexporta.emprendefpzorrilla.es\/index.php\/a-cerca-de-nosotros\/","og_locale":"es_ES","og_type":"article","og_title":"A cerca de nosotros - Valladolid Exporta","og_description":"A cerca de nosotros hace referencia a quienes somos y lo que queremos conseguir con esta web. Dar visibilidad a nuestras empresas exportadoras","og_url":"https:\/\/valladolidexporta.emprendefpzorrilla.es\/index.php\/a-cerca-de-nosotros\/","og_site_name":"Valladolid Exporta","article_modified_time":"2022-02-22T00:14:41+00:00","og_image":[{"url":"|!|vcvUploadUrl|!|\/2022\/02\/single-image-960x640.jpg"}],"twitter_card":"summary_large_image","schema":{"@context":"https:\/\/schema.org","@graph":[{"@type":"WebSite","@id":"https:\/\/valladolidexporta.emprendefpzorrilla.es\/#website","url":"https:\/\/valladolidexporta.emprendefpzorrilla.es\/","name":"Valladolid Exporta","description":"Portal para la exportaci\u00f3n","potentialAction":[{"@type":"SearchAction","target":{"@type":"EntryPoint","urlTemplate":"https:\/\/valladolidexporta.emprendefpzorrilla.es\/?s={search_term_string}"},"query-input":"required name=search_term_string"}],"inLanguage":"es"},{"@type":"ImageObject","@id":"https:\/\/valladolidexporta.emprendefpzorrilla.es\/index.php\/a-cerca-de-nosotros\/#primaryimage","inLanguage":"es","url":"|!|vcvUploadUrl|!|\/2022\/02\/single-image-960x640.jpg","contentUrl":"|!|vcvUploadUrl|!|\/2022\/02\/single-image-960x640.jpg"},{"@type":"WebPage","@id":"https:\/\/valladolidexporta.emprendefpzorrilla.es\/index.php\/a-cerca-de-nosotros\/#webpage","url":"https:\/\/valladolidexporta.emprendefpzorrilla.es\/index.php\/a-cerca-de-nosotros\/","name":"A cerca de nosotros - Valladolid Exporta","isPartOf":{"@id":"https:\/\/valladolidexporta.emprendefpzorrilla.es\/#website"},"primaryImageOfPage":{"@id":"https:\/\/valladolidexporta.emprendefpzorrilla.es\/index.php\/a-cerca-de-nosotros\/#primaryimage"},"datePublished":"2021-12-09T20:32:06+00:00","dateModified":"2022-02-22T00:14:41+00:00","description":"A cerca de nosotros hace referencia a quienes somos y lo que queremos conseguir con esta web. Dar visibilidad a nuestras empresas exportadoras","breadcrumb":{"@id":"https:\/\/valladolidexporta.emprendefpzorrilla.es\/index.php\/a-cerca-de-nosotros\/#breadcrumb"},"inLanguage":"es","potentialAction":[{"@type":"ReadAction","target":["https:\/\/valladolidexporta.emprendefpzorrilla.es\/index.php\/a-cerca-de-nosotros\/"]}]},{"@type":"BreadcrumbList","@id":"https:\/\/valladolidexporta.emprendefpzorrilla.es\/index.php\/a-cerca-de-nosotros\/#breadcrumb","itemListElement":[{"@type":"ListItem","position":1,"name":"Portada","item":"https:\/\/valladolidexporta.emprendefpzorrilla.es\/"},{"@type":"ListItem","position":2,"name":"A cerca de nosotros"}]}]}},"_links":{"self":[{"href":"https:\/\/valladolidexporta.emprendefpzorrilla.es\/index.php\/wp-json\/wp\/v2\/pages\/2","targetHints":{"allow":["GET"]}}],"collection":[{"href":"https:\/\/valladolidexporta.emprendefpzorrilla.es\/index.php\/wp-json\/wp\/v2\/pages"}],"about":[{"href":"https:\/\/valladolidexporta.emprendefpzorrilla.es\/index.php\/wp-json\/wp\/v2\/types\/page"}],"author":[{"embeddable":true,"href":"https:\/\/valladolidexporta.emprendefpzorrilla.es\/index.php\/wp-json\/wp\/v2\/users\/1"}],"replies":[{"embeddable":true,"href":"https:\/\/valladolidexporta.emprendefpzorrilla.es\/index.php\/wp-json\/wp\/v2\/comments?post=2"}],"version-history":[{"count":10,"href":"https:\/\/valladolidexporta.emprendefpzorrilla.es\/index.php\/wp-json\/wp\/v2\/pages\/2\/revisions"}],"predecessor-version":[{"id":324,"href":"https:\/\/valladolidexporta.emprendefpzorrilla.es\/index.php\/wp-json\/wp\/v2\/pages\/2\/revisions\/324"}],"wp:attachment":[{"href":"https:\/\/valladolidexporta.emprendefpzorrilla.es\/index.php\/wp-json\/wp\/v2\/media?parent=2"}],"curies":[{"name":"wp","href":"https:\/\/api.w.org\/{rel}","templated":true}]}}