{"id":133,"date":"2022-02-02T19:29:54","date_gmt":"2022-02-02T19:29:54","guid":{"rendered":"https:\/\/valladolidexporta.emprendefpzorrilla.es\/?page_id=133"},"modified":"2022-02-24T20:05:59","modified_gmt":"2022-02-24T20:05:59","slug":"borrador-automaticocompara","status":"publish","type":"page","link":"https:\/\/valladolidexporta.emprendefpzorrilla.es\/index.php\/borrador-automaticocompara\/","title":{"rendered":"Alimentaci\u00f3n"},"content":{"rendered":"<div class=\"vce-row-container\" data-vce-boxed-width=\"true\"><div class=\"vce-row vce-row--col-gap-30 vce-row-equal-height vce-row-content--top\" id=\"el-e40fb342\" data-vce-do-apply=\"all el-e40fb342\"><div class=\"vce-row-content\" data-vce-element-content=\"true\"><div class=\"vce-col vce-col--md-auto vce-col--xs-1 vce-col--xs-last vce-col--xs-first vce-col--sm-last vce-col--sm-first vce-col--md-last vce-col--lg-last vce-col--xl-last vce-col--md-first vce-col--lg-first vce-col--xl-first\" id=\"el-f35d9f19\"><div class=\"vce-col-inner\" data-vce-do-apply=\"border margin background  el-f35d9f19\"><div class=\"vce-col-content\" data-vce-element-content=\"true\" data-vce-do-apply=\"padding el-f35d9f19\"><\/div><\/div><\/div><\/div><\/div><\/div><div class=\"vce-row-container\" data-vce-boxed-width=\"true\"><div class=\"vce-row vce-row--col-gap-30 vce-row-equal-height vce-row-content--top\" id=\"el-4be153ab\" data-vce-do-apply=\"all el-4be153ab\"><div class=\"vce-row-content\" data-vce-element-content=\"true\"><div class=\"vce-col vce-col--md-auto vce-col--xs-1 vce-col--xs-last vce-col--xs-first vce-col--sm-last vce-col--sm-first vce-col--md-last vce-col--lg-last vce-col--xl-last vce-col--md-first vce-col--lg-first vce-col--xl-first\" id=\"el-d9a55954\"><div class=\"vce-col-inner\" data-vce-do-apply=\"border margin background  el-d9a55954\"><div class=\"vce-col-content\" data-vce-element-content=\"true\" data-vce-do-apply=\"padding el-d9a55954\"><div class=\"vce-single-image-container vce-single-image--align-left\"><div class=\"vce vce-single-image-wrapper\" id=\"el-e9ac13da\" data-vce-do-apply=\"all el-e9ac13da\"><figure><div class=\"vce-single-image-inner vce-single-image--absolute\" style=\"padding-bottom: 56.25%; width: 1024px;\"><img loading=\"lazy\" decoding=\"async\" class=\"vce-single-image vcv-lozad\" data-src=\"https:\/\/valladolidexporta.emprendefpzorrilla.es\/wp-content\/uploads\/2022\/02\/633698480_217980782_1706x960-1024x576.jpg\" width=\"1024\" height=\"576\" srcset=\"https:\/\/valladolidexporta.emprendefpzorrilla.es\/wp-content\/uploads\/2022\/02\/633698480_217980782_1706x960-320x180.jpg 320w,https:\/\/valladolidexporta.emprendefpzorrilla.es\/wp-content\/uploads\/2022\/02\/633698480_217980782_1706x960-480x270.jpg 480w,https:\/\/valladolidexporta.emprendefpzorrilla.es\/wp-content\/uploads\/2022\/02\/633698480_217980782_1706x960-800x450.jpg 800w,https:\/\/valladolidexporta.emprendefpzorrilla.es\/wp-content\/uploads\/2022\/02\/633698480_217980782_1706x960-1024x576.jpg 1024w\" src=\"\" data-img-src=\"https:\/\/valladolidexporta.emprendefpzorrilla.es\/wp-content\/uploads\/2022\/02\/633698480_217980782_1706x960.jpg\" alt=\"\" title=\"Productos de Valladolid\" \/><noscript>\r\n        <img loading=\"lazy\" decoding=\"async\" class=\"vce-single-image\" src=\"https:\/\/valladolidexporta.emprendefpzorrilla.es\/wp-content\/uploads\/2022\/02\/633698480_217980782_1706x960.jpg\" width=\"1024\" height=\"576\" alt=\"\" title=\"Productos de Valladolid\" \/>\r\n      <\/noscript><\/div><figcaption hidden=\"\"><\/figcaption><\/figure><\/div><\/div><\/div><\/div><\/div><\/div><\/div><\/div>\n","protected":false},"excerpt":{"rendered":"","protected":false},"author":3,"featured_media":184,"parent":0,"menu_order":0,"comment_status":"closed","ping_status":"closed","template":"","meta":{"footnotes":""},"class_list":["post-133","page","type-page","status-publish","has-post-thumbnail","hentry"],"yoast_head":"<!-- This site is optimized with the Yoast SEO plugin v18.1 - https:\/\/yoast.com\/wordpress\/plugins\/seo\/ -->\n<title>Alimentaci\u00f3n - Valladolid Exporta Alimentaci\u00f3n<\/title>\n<meta name=\"description\" content=\"Empresas exportadoras de Valladolid dedicadas a la alimentaci\u00f3n. Compara diferentes empresas de alimentaci\u00f3n que exporten al extranjero.\" \/>\n<meta name=\"robots\" content=\"index, follow, max-snippet:-1, max-image-preview:large, max-video-preview:-1\" \/>\n<link rel=\"canonical\" href=\"https:\/\/valladolidexporta.emprendefpzorrilla.es\/index.php\/borrador-automaticocompara\/\" \/>\n<meta property=\"og:locale\" content=\"es_ES\" \/>\n<meta property=\"og:type\" content=\"article\" \/>\n<meta property=\"og:title\" content=\"Alimentaci\u00f3n - Valladolid Exporta Alimentaci\u00f3n\" \/>\n<meta property=\"og:description\" content=\"Empresas exportadoras de Valladolid dedicadas a la alimentaci\u00f3n. Compara diferentes empresas de alimentaci\u00f3n que exporten al extranjero.\" \/>\n<meta property=\"og:url\" content=\"https:\/\/valladolidexporta.emprendefpzorrilla.es\/index.php\/borrador-automaticocompara\/\" \/>\n<meta property=\"og:site_name\" content=\"Valladolid Exporta\" \/>\n<meta property=\"article:modified_time\" content=\"2022-02-24T20:05:59+00:00\" \/>\n<meta property=\"og:image\" content=\"https:\/\/valladolidexporta.emprendefpzorrilla.es\/wp-content\/uploads\/2022\/02\/633698480_217980782_1706x960.jpg\" \/>\n\t<meta property=\"og:image:width\" content=\"1706\" \/>\n\t<meta property=\"og:image:height\" content=\"960\" \/>\n\t<meta property=\"og:image:type\" content=\"image\/jpeg\" \/>\n<meta name=\"twitter:card\" content=\"summary_large_image\" \/>\n<script type=\"application\/ld+json\" class=\"yoast-schema-graph\">{\"@context\":\"https:\/\/schema.org\",\"@graph\":[{\"@type\":\"WebSite\",\"@id\":\"https:\/\/valladolidexporta.emprendefpzorrilla.es\/#website\",\"url\":\"https:\/\/valladolidexporta.emprendefpzorrilla.es\/\",\"name\":\"Valladolid Exporta\",\"description\":\"Portal para la exportaci\u00f3n\",\"potentialAction\":[{\"@type\":\"SearchAction\",\"target\":{\"@type\":\"EntryPoint\",\"urlTemplate\":\"https:\/\/valladolidexporta.emprendefpzorrilla.es\/?s={search_term_string}\"},\"query-input\":\"required name=search_term_string\"}],\"inLanguage\":\"es\"},{\"@type\":\"ImageObject\",\"@id\":\"https:\/\/valladolidexporta.emprendefpzorrilla.es\/index.php\/borrador-automaticocompara\/#primaryimage\",\"inLanguage\":\"es\",\"url\":\"https:\/\/valladolidexporta.emprendefpzorrilla.es\/wp-content\/uploads\/2022\/02\/633698480_217980782_1706x960.jpg\",\"contentUrl\":\"https:\/\/valladolidexporta.emprendefpzorrilla.es\/wp-content\/uploads\/2022\/02\/633698480_217980782_1706x960.jpg\",\"width\":1706,\"height\":960},{\"@type\":\"WebPage\",\"@id\":\"https:\/\/valladolidexporta.emprendefpzorrilla.es\/index.php\/borrador-automaticocompara\/#webpage\",\"url\":\"https:\/\/valladolidexporta.emprendefpzorrilla.es\/index.php\/borrador-automaticocompara\/\",\"name\":\"Alimentaci\u00f3n - Valladolid Exporta Alimentaci\u00f3n\",\"isPartOf\":{\"@id\":\"https:\/\/valladolidexporta.emprendefpzorrilla.es\/#website\"},\"primaryImageOfPage\":{\"@id\":\"https:\/\/valladolidexporta.emprendefpzorrilla.es\/index.php\/borrador-automaticocompara\/#primaryimage\"},\"datePublished\":\"2022-02-02T19:29:54+00:00\",\"dateModified\":\"2022-02-24T20:05:59+00:00\",\"description\":\"Empresas exportadoras de Valladolid dedicadas a la alimentaci\u00f3n. Compara diferentes empresas de alimentaci\u00f3n que exporten al extranjero.\",\"breadcrumb\":{\"@id\":\"https:\/\/valladolidexporta.emprendefpzorrilla.es\/index.php\/borrador-automaticocompara\/#breadcrumb\"},\"inLanguage\":\"es\",\"potentialAction\":[{\"@type\":\"ReadAction\",\"target\":[\"https:\/\/valladolidexporta.emprendefpzorrilla.es\/index.php\/borrador-automaticocompara\/\"]}]},{\"@type\":\"BreadcrumbList\",\"@id\":\"https:\/\/valladolidexporta.emprendefpzorrilla.es\/index.php\/borrador-automaticocompara\/#breadcrumb\",\"itemListElement\":[{\"@type\":\"ListItem\",\"position\":1,\"name\":\"Portada\",\"item\":\"https:\/\/valladolidexporta.emprendefpzorrilla.es\/\"},{\"@type\":\"ListItem\",\"position\":2,\"name\":\"Alimentaci\u00f3n\"}]}]}<\/script>\n<!-- \/ Yoast SEO plugin. -->","yoast_head_json":{"title":"Alimentaci\u00f3n - Valladolid Exporta Alimentaci\u00f3n","description":"Empresas exportadoras de Valladolid dedicadas a la alimentaci\u00f3n. Compara diferentes empresas de alimentaci\u00f3n que exporten al extranjero.","robots":{"index":"index","follow":"follow","max-snippet":"max-snippet:-1","max-image-preview":"max-image-preview:large","max-video-preview":"max-video-preview:-1"},"canonical":"https:\/\/valladolidexporta.emprendefpzorrilla.es\/index.php\/borrador-automaticocompara\/","og_locale":"es_ES","og_type":"article","og_title":"Alimentaci\u00f3n - Valladolid Exporta Alimentaci\u00f3n","og_description":"Empresas exportadoras de Valladolid dedicadas a la alimentaci\u00f3n. Compara diferentes empresas de alimentaci\u00f3n que exporten al extranjero.","og_url":"https:\/\/valladolidexporta.emprendefpzorrilla.es\/index.php\/borrador-automaticocompara\/","og_site_name":"Valladolid Exporta","article_modified_time":"2022-02-24T20:05:59+00:00","og_image":[{"width":1706,"height":960,"url":"https:\/\/valladolidexporta.emprendefpzorrilla.es\/wp-content\/uploads\/2022\/02\/633698480_217980782_1706x960.jpg","type":"image\/jpeg"}],"twitter_card":"summary_large_image","schema":{"@context":"https:\/\/schema.org","@graph":[{"@type":"WebSite","@id":"https:\/\/valladolidexporta.emprendefpzorrilla.es\/#website","url":"https:\/\/valladolidexporta.emprendefpzorrilla.es\/","name":"Valladolid Exporta","description":"Portal para la exportaci\u00f3n","potentialAction":[{"@type":"SearchAction","target":{"@type":"EntryPoint","urlTemplate":"https:\/\/valladolidexporta.emprendefpzorrilla.es\/?s={search_term_string}"},"query-input":"required name=search_term_string"}],"inLanguage":"es"},{"@type":"ImageObject","@id":"https:\/\/valladolidexporta.emprendefpzorrilla.es\/index.php\/borrador-automaticocompara\/#primaryimage","inLanguage":"es","url":"https:\/\/valladolidexporta.emprendefpzorrilla.es\/wp-content\/uploads\/2022\/02\/633698480_217980782_1706x960.jpg","contentUrl":"https:\/\/valladolidexporta.emprendefpzorrilla.es\/wp-content\/uploads\/2022\/02\/633698480_217980782_1706x960.jpg","width":1706,"height":960},{"@type":"WebPage","@id":"https:\/\/valladolidexporta.emprendefpzorrilla.es\/index.php\/borrador-automaticocompara\/#webpage","url":"https:\/\/valladolidexporta.emprendefpzorrilla.es\/index.php\/borrador-automaticocompara\/","name":"Alimentaci\u00f3n - Valladolid Exporta Alimentaci\u00f3n","isPartOf":{"@id":"https:\/\/valladolidexporta.emprendefpzorrilla.es\/#website"},"primaryImageOfPage":{"@id":"https:\/\/valladolidexporta.emprendefpzorrilla.es\/index.php\/borrador-automaticocompara\/#primaryimage"},"datePublished":"2022-02-02T19:29:54+00:00","dateModified":"2022-02-24T20:05:59+00:00","description":"Empresas exportadoras de Valladolid dedicadas a la alimentaci\u00f3n. Compara diferentes empresas de alimentaci\u00f3n que exporten al extranjero.","breadcrumb":{"@id":"https:\/\/valladolidexporta.emprendefpzorrilla.es\/index.php\/borrador-automaticocompara\/#breadcrumb"},"inLanguage":"es","potentialAction":[{"@type":"ReadAction","target":["https:\/\/valladolidexporta.emprendefpzorrilla.es\/index.php\/borrador-automaticocompara\/"]}]},{"@type":"BreadcrumbList","@id":"https:\/\/valladolidexporta.emprendefpzorrilla.es\/index.php\/borrador-automaticocompara\/#breadcrumb","itemListElement":[{"@type":"ListItem","position":1,"name":"Portada","item":"https:\/\/valladolidexporta.emprendefpzorrilla.es\/"},{"@type":"ListItem","position":2,"name":"Alimentaci\u00f3n"}]}]}},"_links":{"self":[{"href":"https:\/\/valladolidexporta.emprendefpzorrilla.es\/index.php\/wp-json\/wp\/v2\/pages\/133","targetHints":{"allow":["GET"]}}],"collection":[{"href":"https:\/\/valladolidexporta.emprendefpzorrilla.es\/index.php\/wp-json\/wp\/v2\/pages"}],"about":[{"href":"https:\/\/valladolidexporta.emprendefpzorrilla.es\/index.php\/wp-json\/wp\/v2\/types\/page"}],"author":[{"embeddable":true,"href":"https:\/\/valladolidexporta.emprendefpzorrilla.es\/index.php\/wp-json\/wp\/v2\/users\/3"}],"replies":[{"embeddable":true,"href":"https:\/\/valladolidexporta.emprendefpzorrilla.es\/index.php\/wp-json\/wp\/v2\/comments?post=133"}],"version-history":[{"count":2,"href":"https:\/\/valladolidexporta.emprendefpzorrilla.es\/index.php\/wp-json\/wp\/v2\/pages\/133\/revisions"}],"predecessor-version":[{"id":187,"href":"https:\/\/valladolidexporta.emprendefpzorrilla.es\/index.php\/wp-json\/wp\/v2\/pages\/133\/revisions\/187"}],"wp:featuredmedia":[{"embeddable":true,"href":"https:\/\/valladolidexporta.emprendefpzorrilla.es\/index.php\/wp-json\/wp\/v2\/media\/184"}],"wp:attachment":[{"href":"https:\/\/valladolidexporta.emprendefpzorrilla.es\/index.php\/wp-json\/wp\/v2\/media?parent=133"}],"curies":[{"name":"wp","href":"https:\/\/api.w.org\/{rel}","templated":true}]}}